{"id":143,"date":"2019-05-08T15:41:33","date_gmt":"2019-05-08T15:41:33","guid":{"rendered":"http:\/\/www.tirsportifpeseux.ch\/?page_id=143"},"modified":"2024-07-12T17:36:35","modified_gmt":"2024-07-12T17:36:35","slug":"informations","status":"publish","type":"page","link":"http:\/\/www.tirsportifpeseux.ch\/?page_id=143","title":{"rendered":"Divers"},"content":{"rendered":"\n<h4 class=\"wp-block-heading\"><strong>Vente de munitions<\/strong><\/h4>\n\n\n\n<p>Selon les dates affich\u00e9es au stand par le responsable<\/p>\n\n\n\n<h4 class=\"wp-block-heading\"><strong>Cantine<\/strong><\/h4>\n\n\n\n<p>Ouverte tous les mercredis de la saison d\u00e8s 17h00<br>Pour les autres dates, selon le programme du 300 m et les r\u00e9servations pour les diff\u00e9rentes comp\u00e9titions cantonales<\/p>\n\n\n\n<h4 class=\"wp-block-heading has-text-align-left\">Pour permettre le montage des cibles 300 m en toute s\u00e9curit\u00e9, nous vous informons qu\u2019il est formellement interdit de tirer au pistolet 30 minutes avant le d\u00e9but des tirs au 300 m<\/h4>\n\n\n\n<p><\/p>\n","protected":false},"excerpt":{"rendered":"<p>Vente de munitions Selon les dates affich\u00e9es au stand par le responsable Cantine Ouverte tous les mercredis de la saison d\u00e8s 17h00Pour les autres dates, selon le programme du 300 m et les r\u00e9servations pour les diff\u00e9rentes comp\u00e9titions cantonales Pour permettre le montage des cibles 300 m en toute s\u00e9curit\u00e9, nous vous informons qu\u2019il est [&hellip;]<\/p>\n","protected":false},"author":2,"featured_media":0,"parent":0,"menu_order":0,"comment_status":"closed","ping_status":"closed","template":"","meta":{"ngg_post_thumbnail":0,"footnotes":""},"class_list":["post-143","page","type-page","status-publish","hentry"],"_links":{"self":[{"href":"http:\/\/www.tirsportifpeseux.ch\/index.php?rest_route=\/wp\/v2\/pages\/143","targetHints":{"allow":["GET"]}}],"collection":[{"href":"http:\/\/www.tirsportifpeseux.ch\/index.php?rest_route=\/wp\/v2\/pages"}],"about":[{"href":"http:\/\/www.tirsportifpeseux.ch\/index.php?rest_route=\/wp\/v2\/types\/page"}],"author":[{"embeddable":true,"href":"http:\/\/www.tirsportifpeseux.ch\/index.php?rest_route=\/wp\/v2\/users\/2"}],"replies":[{"embeddable":true,"href":"http:\/\/www.tirsportifpeseux.ch\/index.php?rest_route=%2Fwp%2Fv2%2Fcomments&post=143"}],"version-history":[{"count":14,"href":"http:\/\/www.tirsportifpeseux.ch\/index.php?rest_route=\/wp\/v2\/pages\/143\/revisions"}],"predecessor-version":[{"id":1103,"href":"http:\/\/www.tirsportifpeseux.ch\/index.php?rest_route=\/wp\/v2\/pages\/143\/revisions\/1103"}],"wp:attachment":[{"href":"http:\/\/www.tirsportifpeseux.ch\/index.php?rest_route=%2Fwp%2Fv2%2Fmedia&parent=143"}],"curies":[{"name":"wp","href":"https:\/\/api.w.org\/{rel}","templated":true}]}}